{"id":4622,"date":"2021-11-08T01:54:38","date_gmt":"2021-11-08T00:54:38","guid":{"rendered":"https:\/\/royaliceland.eu\/produkty\/czarniak\/"},"modified":"2021-11-28T17:10:26","modified_gmt":"2021-11-28T16:10:26","slug":"czarniak","status":"publish","type":"page","link":"https:\/\/royaliceland.eu\/pl\/produkty\/czarniak\/","title":{"rendered":"Czarniak"},"content":{"rendered":"\t\t<div data-elementor-type=\"wp-page\" data-elementor-id=\"4622\" class=\"elementor elementor-4622 elementor-4319\" data-elementor-post-type=\"page\">\n\t\t\t\t\t\t<section data-dce-background-overlay-color=\"#0084BFB3\" data-dce-background-image-url=\"https:\/\/royaliceland.eu\/wp-content\/uploads\/2020\/10\/production-building-factory-870dcf3c03b377749d9b5891d4e89fc0.jpg\" class=\"elementor-section elementor-top-section elementor-element elementor-element-43a5eeb elementor-section-boxed elementor-section-height-default elementor-section-height-default\" data-id=\"43a5eeb\" data-element_type=\"section\" data-settings=\"{&quot;jet_parallax_layout_list&quot;:[{&quot;jet_parallax_layout_image&quot;:{&quot;url&quot;:&quot;&quot;,&quot;id&quot;:&quot;&quot;,&quot;size&quot;:&quot;&quot;},&quot;_id&quot;:&quot;0da7778&quot;,&quot;jet_parallax_layout_image_tablet&quot;:{&quot;url&quot;:&quot;&quot;,&quot;id&quot;:&quot;&quot;,&quot;size&quot;:&quot;&quot;},&quot;jet_parallax_layout_image_mobile&quot;:{&quot;url&quot;:&quot;&quot;,&quot;id&quot;:&quot;&quot;,&quot;size&quot;:&quot;&quot;},&quot;jet_parallax_layout_speed&quot;:{&quot;unit&quot;:&quot;%&quot;,&quot;size&quot;:50,&quot;sizes&quot;:[]},&quot;jet_parallax_layout_type&quot;:&quot;scroll&quot;,&quot;jet_parallax_layout_direction&quot;:null,&quot;jet_parallax_layout_fx_direction&quot;:null,&quot;jet_parallax_layout_z_index&quot;:&quot;&quot;,&quot;jet_parallax_layout_bg_x&quot;:50,&quot;jet_parallax_layout_bg_x_tablet&quot;:&quot;&quot;,&quot;jet_parallax_layout_bg_x_mobile&quot;:&quot;&quot;,&quot;jet_parallax_layout_bg_y&quot;:50,&quot;jet_parallax_layout_bg_y_tablet&quot;:&quot;&quot;,&quot;jet_parallax_layout_bg_y_mobile&quot;:&quot;&quot;,&quot;jet_parallax_layout_bg_size&quot;:&quot;auto&quot;,&quot;jet_parallax_layout_bg_size_tablet&quot;:&quot;&quot;,&quot;jet_parallax_layout_bg_size_mobile&quot;:&quot;&quot;,&quot;jet_parallax_layout_animation_prop&quot;:&quot;transform&quot;,&quot;jet_parallax_layout_on&quot;:[&quot;desktop&quot;,&quot;tablet&quot;]}],&quot;background_background&quot;:&quot;classic&quot;,&quot;tmea_shape_divider_top&quot;:&quot;none&quot;,&quot;tmea_shape_divider_bottom&quot;:&quot;none&quot;}\">\n\t\t\t\t\t\t\t<div class=\"elementor-background-overlay\"><\/div>\n\t\t\t\t\t\t\t<div class=\"elementor-container elementor-column-gap-default\">\n\t\t\t\t\t<div class=\"elementor-column elementor-col-100 elementor-top-column elementor-element elementor-element-2079c77\" data-id=\"2079c77\" data-element_type=\"column\">\n\t\t\t<div class=\"elementor-widget-wrap elementor-element-populated\">\n\t\t\t\t\n\t\t<div class=\"elementor-element elementor-element-4475e8e elementor-widget elementor-widget-heading\" data-id=\"4475e8e\" data-element_type=\"widget\" data-widget_type=\"heading.default\">\n\t\t\t\t<div class=\"elementor-widget-container\">\n\t\t\t<h1 class=\"elementor-heading-title elementor-size-default\">Czarniak<\/h1>\t\t<\/div>\n\t\t\t\t<\/div>\n\t\t\t\t\t<\/div>\n\t\t<\/div>\n\t\t\t\t\t<\/div>\n\t\t<\/section>\n\t\t\t\t<section data-dce-background-color=\"#ffffff\" class=\"elementor-section elementor-top-section elementor-element elementor-element-762cb91 elementor-section-boxed elementor-section-height-default elementor-section-height-default\" data-id=\"762cb91\" data-element_type=\"section\" data-settings=\"{&quot;background_background&quot;:&quot;classic&quot;,&quot;jet_parallax_layout_list&quot;:[{&quot;_id&quot;:&quot;071cdb7&quot;,&quot;jet_parallax_layout_image&quot;:{&quot;url&quot;:&quot;&quot;,&quot;id&quot;:&quot;&quot;,&quot;size&quot;:&quot;&quot;},&quot;jet_parallax_layout_image_tablet&quot;:{&quot;url&quot;:&quot;&quot;,&quot;id&quot;:&quot;&quot;,&quot;size&quot;:&quot;&quot;},&quot;jet_parallax_layout_image_mobile&quot;:{&quot;url&quot;:&quot;&quot;,&quot;id&quot;:&quot;&quot;,&quot;size&quot;:&quot;&quot;},&quot;jet_parallax_layout_speed&quot;:{&quot;unit&quot;:&quot;%&quot;,&quot;size&quot;:50,&quot;sizes&quot;:[]},&quot;jet_parallax_layout_type&quot;:&quot;scroll&quot;,&quot;jet_parallax_layout_direction&quot;:null,&quot;jet_parallax_layout_fx_direction&quot;:null,&quot;jet_parallax_layout_z_index&quot;:&quot;&quot;,&quot;jet_parallax_layout_bg_x&quot;:50,&quot;jet_parallax_layout_bg_x_tablet&quot;:&quot;&quot;,&quot;jet_parallax_layout_bg_x_mobile&quot;:&quot;&quot;,&quot;jet_parallax_layout_bg_y&quot;:50,&quot;jet_parallax_layout_bg_y_tablet&quot;:&quot;&quot;,&quot;jet_parallax_layout_bg_y_mobile&quot;:&quot;&quot;,&quot;jet_parallax_layout_bg_size&quot;:&quot;auto&quot;,&quot;jet_parallax_layout_bg_size_tablet&quot;:&quot;&quot;,&quot;jet_parallax_layout_bg_size_mobile&quot;:&quot;&quot;,&quot;jet_parallax_layout_animation_prop&quot;:&quot;transform&quot;,&quot;jet_parallax_layout_on&quot;:[&quot;desktop&quot;,&quot;tablet&quot;]}],&quot;tmea_shape_divider_top&quot;:&quot;none&quot;,&quot;tmea_shape_divider_bottom&quot;:&quot;none&quot;}\">\n\t\t\t\t\t\t<div class=\"elementor-container elementor-column-gap-default\">\n\t\t\t\t\t<div class=\"elementor-column elementor-col-50 elementor-top-column elementor-element elementor-element-4b4eb73\" data-id=\"4b4eb73\" data-element_type=\"column\">\n\t\t\t<div class=\"elementor-widget-wrap elementor-element-populated\">\n\t\t\t\t\t\t<div class=\"elementor-element elementor-element-c005944 bims one-sided-ornament elementor-align-left elementor-widget elementor-widget-raven-heading\" data-id=\"c005944\" data-element_type=\"widget\" data-widget_type=\"raven-heading.default\">\n\t\t\t\t<div class=\"elementor-widget-container\">\n\t\t\t\t\t<div class=\"raven-widget-wrapper\"><h2 class=\"raven-heading raven-heading-h2\"><span class=\"raven-heading-title \">Czarniak<\/span><\/h2><\/div>\n\t\t\t\t<\/div>\n\t\t\t\t<\/div>\n\t\t\t\t<div class=\"elementor-element elementor-element-8a165b8 elementor-widget-divider--view-line elementor-widget elementor-widget-divider\" data-id=\"8a165b8\" data-element_type=\"widget\" data-widget_type=\"divider.default\">\n\t\t\t\t<div class=\"elementor-widget-container\">\n\t\t\t\t\t<div class=\"elementor-divider\">\n\t\t\t<span class=\"elementor-divider-separator\">\n\t\t\t\t\t\t<\/span>\n\t\t<\/div>\n\t\t\t\t<\/div>\n\t\t\t\t<\/div>\n\t\t\t\t<div class=\"elementor-element elementor-element-e9174b6 elementor-widget elementor-widget-text-editor\" data-id=\"e9174b6\" data-element_type=\"widget\" data-widget_type=\"text-editor.default\">\n\t\t\t\t<div class=\"elementor-widget-container\">\n\t\t\t\t\t\t\t<p class=\"p1\"><strong>\u0141aci\u0144ska nazwa:<\/strong> Pollachius virens<\/p>\n<p class=\"p1\">Okres po\u0142ow\u00f3w: Produkcja trwa ca\u0142y rok<\/p>\n<p class=\"p1\">Royal Iceland gets the big whole saithe, round weight 3,5-5 kg each fish directly from the boats from daily landings in the local area.<\/p>\n<p class=\"p1\">We fillet the fish, make the skinless and cut out the bones if the fillets are bonelss. Then we color the fillets, put them in brine for salting and it goes on racks in the smoke ovens. After smoking and cooling we are frozen IQF \u2013 Glazed for protection and pack.<\/p>\n\t\t\t\t\t\t<\/div>\n\t\t\t\t<\/div>\n\t\t\t\t\t<\/div>\n\t\t<\/div>\n\t\t\t\t<div class=\"elementor-column elementor-col-50 elementor-top-column elementor-element elementor-element-77cbf1b\" data-id=\"77cbf1b\" data-element_type=\"column\">\n\t\t\t<div class=\"elementor-widget-wrap elementor-element-populated\">\n\t\t\t\t\t\t<div class=\"elementor-element elementor-element-0ef0866 bims border-radius-16-px elementor-widget elementor-widget-tme-slider\" data-id=\"0ef0866\" data-element_type=\"widget\" data-widget_type=\"tme-slider.default\">\n\t\t\t\t<div class=\"elementor-widget-container\">\n\t\t\t        <div class=\"tme-slider-wrapper \">\n            <div class=\"tme-slider-loader tme-css3-loader\" style=\"\"><\/div>\n            <div id=\"tme-slider-0ef0866\" class=\"tme-slider\" data-prv=\"lnr lnr-chevron-left\" data-nxt=\"lnr lnr-chevron-right\" data-autoplay=\"true\" data-duration=\"5000\" data-nav=\"true\" data-dots=\"false\" data-navthumbnails=\"\" data-rtl=\"false\" data-slideanim=\"true\" data-speed=\"300\">\n                                                <div class=\"tme-slick-thumb\" data-thumbnail=\"https:\/\/royaliceland.eu\/wp-content\/uploads\/2021\/11\/Smoked-and-colored-saithe-fillets-300-700gr-IQF-in-5-kg-scaled.jpg\" data-alt=\"\">\n                    <div class=\"tme-slider-inner animated none none\" style=\"background-image:url(https:\/\/royaliceland.eu\/wp-content\/uploads\/2021\/11\/Smoked-and-colored-saithe-fillets-300-700gr-IQF-in-5-kg-scaled.jpg);background-position:center center;background-repeat:no-repeat;background-size:cover;transition-duration:1s;\"><\/div>\n                                        <div class=\"tme-slider-overlay\"><\/div>\n                        <div class=\"tme-slider-text-wrapper elementor-repeater-item-701ccf3\">\n                            <div class=\"tme-slider-text-box noanim animated  \">\n                                                                                                                            <\/div>\n                        <\/div>\n                <\/div>    \n                            <\/div>\n                    <\/div>\n<style type=\"text\/css\">\n        @media screen and (min-width: 1026px) {\n        \t\t#tme-slider-0ef0866 .slick-prev,\n\t\t#tme-slider-0ef0866 .slick-next {\n            display: block !important;\n        }\n                \t\t#tme-slider-0ef0866 .slick-dots,\n\t\t#tme-slider-thumbnails-0ef0866 {\n            display: block !important;\n        }\n            }\n    @media only screen and (max-width: 1025px) {\n        \t\t#tme-slider-0ef0866 .slick-prev,\n\t\t#tme-slider-0ef0866 .slick-next {\n            display: block !important;\n        }\n                \t\t#tme-slider-0ef0866 .slick-dots,\n\t\t#tme-slider-thumbnails-0ef0866 {\n            display: block !important;\n        }\n            }\n    @media screen and (max-width: 768px) {\n        \t\t#tme-slider-0ef0866 .slick-prev,\n\t\t#tme-slider-0ef0866 .slick-next {\n            display: block !important;\n        }\n                \t\t#tme-slider-0ef0866 .slick-dots,\n\t\t#tme-slider-thumbnails-0ef0866 {\n            display: block !important;\n        }\n            }\n<\/style>\n\t\t<\/div>\n\t\t\t\t<\/div>\n\t\t\t\t\t<\/div>\n\t\t<\/div>\n\t\t\t\t\t<\/div>\n\t\t<\/section>\n\t\t\t\t<section data-dce-background-color=\"#F2F2F2\" class=\"elementor-section elementor-top-section elementor-element elementor-element-0107907 elementor-section-stretched elementor-section-boxed elementor-section-height-default elementor-section-height-default\" data-id=\"0107907\" data-element_type=\"section\" data-settings=\"{&quot;stretch_section&quot;:&quot;section-stretched&quot;,&quot;jet_parallax_layout_list&quot;:[{&quot;jet_parallax_layout_image&quot;:{&quot;url&quot;:&quot;&quot;,&quot;id&quot;:&quot;&quot;,&quot;size&quot;:&quot;&quot;},&quot;_id&quot;:&quot;133e28b&quot;,&quot;jet_parallax_layout_image_tablet&quot;:{&quot;url&quot;:&quot;&quot;,&quot;id&quot;:&quot;&quot;,&quot;size&quot;:&quot;&quot;},&quot;jet_parallax_layout_image_mobile&quot;:{&quot;url&quot;:&quot;&quot;,&quot;id&quot;:&quot;&quot;,&quot;size&quot;:&quot;&quot;},&quot;jet_parallax_layout_speed&quot;:{&quot;unit&quot;:&quot;%&quot;,&quot;size&quot;:50,&quot;sizes&quot;:[]},&quot;jet_parallax_layout_type&quot;:&quot;scroll&quot;,&quot;jet_parallax_layout_direction&quot;:null,&quot;jet_parallax_layout_fx_direction&quot;:null,&quot;jet_parallax_layout_z_index&quot;:&quot;&quot;,&quot;jet_parallax_layout_bg_x&quot;:50,&quot;jet_parallax_layout_bg_x_tablet&quot;:&quot;&quot;,&quot;jet_parallax_layout_bg_x_mobile&quot;:&quot;&quot;,&quot;jet_parallax_layout_bg_y&quot;:50,&quot;jet_parallax_layout_bg_y_tablet&quot;:&quot;&quot;,&quot;jet_parallax_layout_bg_y_mobile&quot;:&quot;&quot;,&quot;jet_parallax_layout_bg_size&quot;:&quot;auto&quot;,&quot;jet_parallax_layout_bg_size_tablet&quot;:&quot;&quot;,&quot;jet_parallax_layout_bg_size_mobile&quot;:&quot;&quot;,&quot;jet_parallax_layout_animation_prop&quot;:&quot;transform&quot;,&quot;jet_parallax_layout_on&quot;:[&quot;desktop&quot;,&quot;tablet&quot;]}],&quot;background_background&quot;:&quot;classic&quot;,&quot;tmea_shape_divider_top&quot;:&quot;none&quot;,&quot;tmea_shape_divider_bottom&quot;:&quot;none&quot;}\">\n\t\t\t\t\t\t<div class=\"elementor-container elementor-column-gap-default\">\n\t\t\t\t\t<div class=\"elementor-column elementor-col-100 elementor-top-column elementor-element elementor-element-e5049fe\" data-id=\"e5049fe\" data-element_type=\"column\">\n\t\t\t<div class=\"elementor-widget-wrap elementor-element-populated\">\n\t\t\t\t\t\t<div class=\"elementor-element elementor-element-836bc2c bims one-sided-ornament elementor-align-left elementor-widget elementor-widget-raven-heading\" data-id=\"836bc2c\" data-element_type=\"widget\" data-widget_type=\"raven-heading.default\">\n\t\t\t\t<div class=\"elementor-widget-container\">\n\t\t\t\t\t<div class=\"raven-widget-wrapper\"><h2 class=\"raven-heading raven-heading-h2\"><span class=\"raven-heading-title \">Oferujemy<\/span><\/h2><\/div>\n\t\t\t\t<\/div>\n\t\t\t\t<\/div>\n\t\t\t\t<div class=\"elementor-element elementor-element-fca4df3 elementor-widget-divider--view-line elementor-widget elementor-widget-divider\" data-id=\"fca4df3\" data-element_type=\"widget\" data-widget_type=\"divider.default\">\n\t\t\t\t<div class=\"elementor-widget-container\">\n\t\t\t\t\t<div class=\"elementor-divider\">\n\t\t\t<span class=\"elementor-divider-separator\">\n\t\t\t\t\t\t<\/span>\n\t\t<\/div>\n\t\t\t\t<\/div>\n\t\t\t\t<\/div>\n\t\t\t\t<div class=\"elementor-element elementor-element-d39f3f5 elementor-icon-list--layout-traditional elementor-list-item-link-full_width elementor-widget elementor-widget-icon-list\" data-id=\"d39f3f5\" data-element_type=\"widget\" data-widget_type=\"icon-list.default\">\n\t\t\t\t<div class=\"elementor-widget-container\">\n\t\t\t\t\t<ul class=\"elementor-icon-list-items\">\n\t\t\t\t\t\t\t<li class=\"elementor-icon-list-item\">\n\t\t\t\t\t\t\t\t\t\t\t<span class=\"elementor-icon-list-icon\">\n\t\t\t\t\t\t\t<i aria-hidden=\"true\" class=\"tmmaterial-icon- tm-material-icon-check_circle\"><\/i>\t\t\t\t\t\t<\/span>\n\t\t\t\t\t\t\t\t\t\t<span class=\"elementor-icon-list-text\">Filety z czarniaka w\u0119dzony na zimno, IQF pakowane w kartony po 5 kg<\/span>\n\t\t\t\t\t\t\t\t\t<\/li>\n\t\t\t\t\t\t\t\t<li class=\"elementor-icon-list-item\">\n\t\t\t\t\t\t\t\t\t\t\t<span class=\"elementor-icon-list-icon\">\n\t\t\t\t\t\t\t<i aria-hidden=\"true\" class=\"tmmaterial-icon- tm-material-icon-check_circle\"><\/i>\t\t\t\t\t\t<\/span>\n\t\t\t\t\t\t\t\t\t\t<span class=\"elementor-icon-list-text\">Filety z czarniaka w\u0119dzony na zimno przek\u0142adane w kartonach po 4x6 kg <\/span>\n\t\t\t\t\t\t\t\t\t<\/li>\n\t\t\t\t\t\t<\/ul>\n\t\t\t\t<\/div>\n\t\t\t\t<\/div>\n\t\t\t\t\t<\/div>\n\t\t<\/div>\n\t\t\t\t\t<\/div>\n\t\t<\/section>\n\t\t\t\t<section class=\"elementor-section elementor-top-section elementor-element elementor-element-404bf5d elementor-section-boxed elementor-section-height-default elementor-section-height-default\" data-id=\"404bf5d\" data-element_type=\"section\" data-settings=\"{&quot;jet_parallax_layout_list&quot;:[{&quot;jet_parallax_layout_image&quot;:{&quot;url&quot;:&quot;&quot;,&quot;id&quot;:&quot;&quot;,&quot;size&quot;:&quot;&quot;},&quot;_id&quot;:&quot;6fea394&quot;,&quot;jet_parallax_layout_image_tablet&quot;:{&quot;url&quot;:&quot;&quot;,&quot;id&quot;:&quot;&quot;,&quot;size&quot;:&quot;&quot;},&quot;jet_parallax_layout_image_mobile&quot;:{&quot;url&quot;:&quot;&quot;,&quot;id&quot;:&quot;&quot;,&quot;size&quot;:&quot;&quot;},&quot;jet_parallax_layout_speed&quot;:{&quot;unit&quot;:&quot;%&quot;,&quot;size&quot;:50,&quot;sizes&quot;:[]},&quot;jet_parallax_layout_type&quot;:&quot;scroll&quot;,&quot;jet_parallax_layout_direction&quot;:null,&quot;jet_parallax_layout_fx_direction&quot;:null,&quot;jet_parallax_layout_z_index&quot;:&quot;&quot;,&quot;jet_parallax_layout_bg_x&quot;:50,&quot;jet_parallax_layout_bg_x_tablet&quot;:&quot;&quot;,&quot;jet_parallax_layout_bg_x_mobile&quot;:&quot;&quot;,&quot;jet_parallax_layout_bg_y&quot;:50,&quot;jet_parallax_layout_bg_y_tablet&quot;:&quot;&quot;,&quot;jet_parallax_layout_bg_y_mobile&quot;:&quot;&quot;,&quot;jet_parallax_layout_bg_size&quot;:&quot;auto&quot;,&quot;jet_parallax_layout_bg_size_tablet&quot;:&quot;&quot;,&quot;jet_parallax_layout_bg_size_mobile&quot;:&quot;&quot;,&quot;jet_parallax_layout_animation_prop&quot;:&quot;transform&quot;,&quot;jet_parallax_layout_on&quot;:[&quot;desktop&quot;,&quot;tablet&quot;]}],&quot;tmea_shape_divider_top&quot;:&quot;none&quot;,&quot;tmea_shape_divider_bottom&quot;:&quot;none&quot;}\">\n\t\t\t\t\t\t<div class=\"elementor-container elementor-column-gap-default\">\n\t\t\t\t\t<div class=\"elementor-column elementor-col-100 elementor-top-column elementor-element elementor-element-2550355\" data-id=\"2550355\" data-element_type=\"column\">\n\t\t\t<div class=\"elementor-widget-wrap elementor-element-populated\">\n\t\t\t\t\t\t<div class=\"elementor-element elementor-element-33ff0f8 elementor-widget elementor-widget-tme-photo_gallery\" data-id=\"33ff0f8\" data-element_type=\"widget\" data-widget_type=\"tme-photo_gallery.default\">\n\t\t\t\t<div class=\"elementor-widget-container\">\n\t\t\t        <div id=\"tme-photo-gallery-33ff0f8\" class=\"tme-masonry-grid tme-masonry-alt\">\n            <div class=\"tme-three-columns\" data-columns>\n                                 \n                <div class=\"tme-masonry-item\">\n                <a class=\"tme-gallery-item elementor-animation-\" href=\"https:\/\/royaliceland.eu\/wp-content\/uploads\/2021\/11\/Smoked-and-colored-saithe-fillets-300-700gr-IQF-in-5-kg-scaled.jpg\" data-caption=\"\" data-elementor-open-lightbox=\"default\" data-elementor-lightbox-slideshow=\"tme-gallery-33ff0f8\">\n                    <img decoding=\"async\" src=\"https:\/\/royaliceland.eu\/wp-content\/uploads\/2021\/11\/Smoked-and-colored-saithe-fillets-300-700gr-IQF-in-5-kg-1280x720.jpg\" alt=\"\" \/>           \n                                    <\/a>\n                <\/div>\n                                 \n                <div class=\"tme-masonry-item\">\n                <a class=\"tme-gallery-item elementor-animation-\" href=\"https:\/\/royaliceland.eu\/wp-content\/uploads\/2021\/11\/Smoked-and-colored-saithe-fillets-300-700gr-IQF-in-5-kg-3-scaled.jpg\" data-caption=\"\" data-elementor-open-lightbox=\"default\" data-elementor-lightbox-slideshow=\"tme-gallery-33ff0f8\">\n                    <img decoding=\"async\" src=\"https:\/\/royaliceland.eu\/wp-content\/uploads\/2021\/11\/Smoked-and-colored-saithe-fillets-300-700gr-IQF-in-5-kg-3-1280x720.jpg\" alt=\"\" \/>           \n                                    <\/a>\n                <\/div>\n                                 \n                <div class=\"tme-masonry-item\">\n                <a class=\"tme-gallery-item elementor-animation-\" href=\"https:\/\/royaliceland.eu\/wp-content\/uploads\/2021\/11\/Smoked-and-colored-saithe-fillets-300-700gr-IQF-in-5-kg-4-scaled.jpg\" data-caption=\"\" data-elementor-open-lightbox=\"default\" data-elementor-lightbox-slideshow=\"tme-gallery-33ff0f8\">\n                    <img decoding=\"async\" src=\"https:\/\/royaliceland.eu\/wp-content\/uploads\/2021\/11\/Smoked-and-colored-saithe-fillets-300-700gr-IQF-in-5-kg-4-1280x720.jpg\" alt=\"\" \/>           \n                                    <\/a>\n                <\/div>\n                            <\/div>\n        <\/div>\n        <div class=\"tme-clear\"><\/div>\n\t\t\t<\/div>\n\t\t\t\t<\/div>\n\t\t\t\t\t<\/div>\n\t\t<\/div>\n\t\t\t\t\t<\/div>\n\t\t<\/section>\n\t\t\t\t<\/div>\n\t\t","protected":false},"excerpt":{"rendered":"<p>Czarniak Czarniak \u0141aci\u0144ska nazwa: Pollachius virens Okres po\u0142ow\u00f3w: Produkcja trwa ca\u0142y rok Royal Iceland gets the big whole saithe, round weight 3,5-5 kg each fish directly from the boats from daily landings in the local area. We fillet the fish, make the skinless and cut out the bones if the fillets are bonelss. Then we [&hellip;]<\/p>\n","protected":false},"author":1,"featured_media":0,"parent":4561,"menu_order":0,"comment_status":"closed","ping_status":"closed","template":"full-width.php","meta":{"_acf_changed":false,"footnotes":""},"class_list":["post-4622","page","type-page","status-publish","hentry"],"acf":[],"_links":{"self":[{"href":"https:\/\/royaliceland.eu\/pl\/wp-json\/wp\/v2\/pages\/4622","targetHints":{"allow":["GET"]}}],"collection":[{"href":"https:\/\/royaliceland.eu\/pl\/wp-json\/wp\/v2\/pages"}],"about":[{"href":"https:\/\/royaliceland.eu\/pl\/wp-json\/wp\/v2\/types\/page"}],"author":[{"embeddable":true,"href":"https:\/\/royaliceland.eu\/pl\/wp-json\/wp\/v2\/users\/1"}],"replies":[{"embeddable":true,"href":"https:\/\/royaliceland.eu\/pl\/wp-json\/wp\/v2\/comments?post=4622"}],"version-history":[{"count":1,"href":"https:\/\/royaliceland.eu\/pl\/wp-json\/wp\/v2\/pages\/4622\/revisions"}],"predecessor-version":[{"id":4623,"href":"https:\/\/royaliceland.eu\/pl\/wp-json\/wp\/v2\/pages\/4622\/revisions\/4623"}],"up":[{"embeddable":true,"href":"https:\/\/royaliceland.eu\/pl\/wp-json\/wp\/v2\/pages\/4561"}],"wp:attachment":[{"href":"https:\/\/royaliceland.eu\/pl\/wp-json\/wp\/v2\/media?parent=4622"}],"curies":[{"name":"wp","href":"https:\/\/api.w.org\/{rel}","templated":true}]}}