{"id":5661,"date":"2024-11-03T17:51:31","date_gmt":"2024-11-03T16:51:31","guid":{"rendered":"https:\/\/royaliceland.eu\/produkte\/tsubu-gai-in-scheiben-geschnitten\/"},"modified":"2024-11-12T09:10:14","modified_gmt":"2024-11-12T08:10:14","slug":"tsubu-gai-in-scheiben-geschnitten","status":"publish","type":"page","link":"https:\/\/royaliceland.eu\/de\/produkte\/tsubu-gai-in-scheiben-geschnitten\/","title":{"rendered":"Tsubu gai in Scheiben geschnitten"},"content":{"rendered":"\t\t<div data-elementor-type=\"wp-page\" data-elementor-id=\"5661\" class=\"elementor elementor-5661 elementor-5568\" data-elementor-post-type=\"page\">\n\t\t\t\t\t\t<section data-dce-background-overlay-color=\"#0084BFB3\" data-dce-background-image-url=\"https:\/\/royaliceland.eu\/wp-content\/uploads\/2020\/10\/production-building-factory-870dcf3c03b377749d9b5891d4e89fc0.jpg\" class=\"elementor-section elementor-top-section elementor-element elementor-element-43a5eeb elementor-section-boxed elementor-section-height-default elementor-section-height-default\" data-id=\"43a5eeb\" data-element_type=\"section\" data-settings=\"{&quot;jet_parallax_layout_list&quot;:[{&quot;jet_parallax_layout_image&quot;:{&quot;url&quot;:&quot;&quot;,&quot;id&quot;:&quot;&quot;,&quot;size&quot;:&quot;&quot;},&quot;_id&quot;:&quot;0da7778&quot;,&quot;jet_parallax_layout_image_tablet&quot;:{&quot;url&quot;:&quot;&quot;,&quot;id&quot;:&quot;&quot;,&quot;size&quot;:&quot;&quot;},&quot;jet_parallax_layout_image_mobile&quot;:{&quot;url&quot;:&quot;&quot;,&quot;id&quot;:&quot;&quot;,&quot;size&quot;:&quot;&quot;},&quot;jet_parallax_layout_speed&quot;:{&quot;unit&quot;:&quot;%&quot;,&quot;size&quot;:50,&quot;sizes&quot;:[]},&quot;jet_parallax_layout_type&quot;:&quot;scroll&quot;,&quot;jet_parallax_layout_direction&quot;:null,&quot;jet_parallax_layout_fx_direction&quot;:null,&quot;jet_parallax_layout_z_index&quot;:&quot;&quot;,&quot;jet_parallax_layout_bg_x&quot;:50,&quot;jet_parallax_layout_bg_x_tablet&quot;:&quot;&quot;,&quot;jet_parallax_layout_bg_x_mobile&quot;:&quot;&quot;,&quot;jet_parallax_layout_bg_y&quot;:50,&quot;jet_parallax_layout_bg_y_tablet&quot;:&quot;&quot;,&quot;jet_parallax_layout_bg_y_mobile&quot;:&quot;&quot;,&quot;jet_parallax_layout_bg_size&quot;:&quot;auto&quot;,&quot;jet_parallax_layout_bg_size_tablet&quot;:&quot;&quot;,&quot;jet_parallax_layout_bg_size_mobile&quot;:&quot;&quot;,&quot;jet_parallax_layout_animation_prop&quot;:&quot;transform&quot;,&quot;jet_parallax_layout_on&quot;:[&quot;desktop&quot;,&quot;tablet&quot;]}],&quot;background_background&quot;:&quot;classic&quot;,&quot;tmea_shape_divider_top&quot;:&quot;none&quot;,&quot;tmea_shape_divider_bottom&quot;:&quot;none&quot;}\">\n\t\t\t\t\t\t\t<div class=\"elementor-background-overlay\"><\/div>\n\t\t\t\t\t\t\t<div class=\"elementor-container elementor-column-gap-default\">\n\t\t\t\t\t<div class=\"elementor-column elementor-col-100 elementor-top-column elementor-element elementor-element-2079c77\" data-id=\"2079c77\" data-element_type=\"column\">\n\t\t\t<div class=\"elementor-widget-wrap elementor-element-populated\">\n\t\t\t\t\n\t\t<div class=\"elementor-element elementor-element-4475e8e elementor-widget elementor-widget-heading\" data-id=\"4475e8e\" data-element_type=\"widget\" data-widget_type=\"heading.default\">\n\t\t\t\t<div class=\"elementor-widget-container\">\n\t\t\t<h1 class=\"elementor-heading-title elementor-size-default\">Tsubu gai in Scheiben geschnitten<\/h1>\t\t<\/div>\n\t\t\t\t<\/div>\n\t\t\t\t\t<\/div>\n\t\t<\/div>\n\t\t\t\t\t<\/div>\n\t\t<\/section>\n\t\t\t\t<section data-dce-background-color=\"#ffffff\" class=\"elementor-section elementor-top-section elementor-element elementor-element-1103b3e elementor-section-boxed elementor-section-height-default elementor-section-height-default\" data-id=\"1103b3e\" data-element_type=\"section\" data-settings=\"{&quot;background_background&quot;:&quot;classic&quot;,&quot;jet_parallax_layout_list&quot;:[{&quot;_id&quot;:&quot;071cdb7&quot;,&quot;jet_parallax_layout_image&quot;:{&quot;url&quot;:&quot;&quot;,&quot;id&quot;:&quot;&quot;,&quot;size&quot;:&quot;&quot;},&quot;jet_parallax_layout_image_tablet&quot;:{&quot;url&quot;:&quot;&quot;,&quot;id&quot;:&quot;&quot;,&quot;size&quot;:&quot;&quot;},&quot;jet_parallax_layout_image_mobile&quot;:{&quot;url&quot;:&quot;&quot;,&quot;id&quot;:&quot;&quot;,&quot;size&quot;:&quot;&quot;},&quot;jet_parallax_layout_speed&quot;:{&quot;unit&quot;:&quot;%&quot;,&quot;size&quot;:50,&quot;sizes&quot;:[]},&quot;jet_parallax_layout_type&quot;:&quot;scroll&quot;,&quot;jet_parallax_layout_direction&quot;:null,&quot;jet_parallax_layout_fx_direction&quot;:null,&quot;jet_parallax_layout_z_index&quot;:&quot;&quot;,&quot;jet_parallax_layout_bg_x&quot;:50,&quot;jet_parallax_layout_bg_x_tablet&quot;:&quot;&quot;,&quot;jet_parallax_layout_bg_x_mobile&quot;:&quot;&quot;,&quot;jet_parallax_layout_bg_y&quot;:50,&quot;jet_parallax_layout_bg_y_tablet&quot;:&quot;&quot;,&quot;jet_parallax_layout_bg_y_mobile&quot;:&quot;&quot;,&quot;jet_parallax_layout_bg_size&quot;:&quot;auto&quot;,&quot;jet_parallax_layout_bg_size_tablet&quot;:&quot;&quot;,&quot;jet_parallax_layout_bg_size_mobile&quot;:&quot;&quot;,&quot;jet_parallax_layout_animation_prop&quot;:&quot;transform&quot;,&quot;jet_parallax_layout_on&quot;:[&quot;desktop&quot;,&quot;tablet&quot;]}],&quot;tmea_shape_divider_top&quot;:&quot;none&quot;,&quot;tmea_shape_divider_bottom&quot;:&quot;none&quot;}\">\n\t\t\t\t\t\t<div class=\"elementor-container elementor-column-gap-default\">\n\t\t\t\t\t<div class=\"elementor-column elementor-col-50 elementor-top-column elementor-element elementor-element-f511c7a\" data-id=\"f511c7a\" data-element_type=\"column\">\n\t\t\t<div class=\"elementor-widget-wrap elementor-element-populated\">\n\t\t\t\t\t\t<div class=\"elementor-element elementor-element-d48be7b bims one-sided-ornament elementor-align-left elementor-widget elementor-widget-raven-heading\" data-id=\"d48be7b\" data-element_type=\"widget\" data-widget_type=\"raven-heading.default\">\n\t\t\t\t<div class=\"elementor-widget-container\">\n\t\t\t\t\t<div class=\"raven-widget-wrapper\"><h2 class=\"raven-heading raven-heading-h2\"><span class=\"raven-heading-title \">Tsubu gai in Scheiben geschnitten<\/span><\/h2><\/div>\n\t\t\t\t<\/div>\n\t\t\t\t<\/div>\n\t\t\t\t<div class=\"elementor-element elementor-element-ae3482f elementor-widget-divider--view-line elementor-widget elementor-widget-divider\" data-id=\"ae3482f\" data-element_type=\"widget\" data-widget_type=\"divider.default\">\n\t\t\t\t<div class=\"elementor-widget-container\">\n\t\t\t\t\t<div class=\"elementor-divider\">\n\t\t\t<span class=\"elementor-divider-separator\">\n\t\t\t\t\t\t<\/span>\n\t\t<\/div>\n\t\t\t\t<\/div>\n\t\t\t\t<\/div>\n\t\t\t\t<div class=\"elementor-element elementor-element-ae8b061 elementor-widget elementor-widget-text-editor\" data-id=\"ae8b061\" data-element_type=\"widget\" data-widget_type=\"text-editor.default\">\n\t\t\t\t<div class=\"elementor-widget-container\">\n\t\t\t\t\t\t\t<p><strong>Lateinischer Name:<\/strong> <em>Buccinum umdatum<\/em><\/p><p>Tsubu Gai -Sashimi ist die rohe Wellhornschnecke aus der Schale. Frisch aus den kalten Gew\u00e4ssern rund um Island. Diese Tsubu Gai oder Wellhornschnecken sind k\u00f6stlich fleischig und reich an Geschmack.<\/p><p><span style=\"font-family: var( --e-global-typography-primary-font-family ), Sans-serif; font-size: var( --e-global-typography-primary-font-size ); font-weight: var( --e-global-typography-primary-font-weight );\">Sie werden in der Mitte der Saison geerntet, und ihr Fleisch ist au\u00dfergew\u00f6hnlich saftig, s\u00fc\u00df und leicht salzig, mit dem f\u00fcr sie typischen Knack.<\/span><\/p><p><span style=\"font-family: var( --e-global-typography-primary-font-family ), Sans-serif; font-size: var( --e-global-typography-primary-font-size ); font-weight: var( --e-global-typography-primary-font-weight );\">Am besten wird es als Sushi oder Sashimi serviert, um seine nat\u00fcrlichen Aromen voll zu genie\u00dfen.<\/span><\/p>\t\t\t\t\t\t<\/div>\n\t\t\t\t<\/div>\n\t\t\t\t\t<\/div>\n\t\t<\/div>\n\t\t\t\t<div class=\"elementor-column elementor-col-50 elementor-top-column elementor-element elementor-element-b39973a\" data-id=\"b39973a\" data-element_type=\"column\">\n\t\t\t<div class=\"elementor-widget-wrap elementor-element-populated\">\n\t\t\t\t\t\t<div class=\"elementor-element elementor-element-a23e303 bims border-radius-16-px elementor-widget elementor-widget-tme-slider\" data-id=\"a23e303\" data-element_type=\"widget\" data-widget_type=\"tme-slider.default\">\n\t\t\t\t<div class=\"elementor-widget-container\">\n\t\t\t        <div class=\"tme-slider-wrapper \">\n            <div class=\"tme-slider-loader tme-css3-loader\" style=\"\"><\/div>\n            <div id=\"tme-slider-a23e303\" class=\"tme-slider\" data-prv=\"lnr lnr-chevron-left\" data-nxt=\"lnr lnr-chevron-right\" data-autoplay=\"true\" data-duration=\"5000\" data-nav=\"true\" data-dots=\"false\" data-navthumbnails=\"\" data-rtl=\"false\" data-slideanim=\"true\" data-speed=\"300\">\n                                                <div class=\"tme-slick-thumb\" data-thumbnail=\"https:\/\/royaliceland.eu\/wp-content\/uploads\/2024\/11\/tsubu-gai-1@3000x-2.png\" data-alt=\"\">\n                    <div class=\"tme-slider-inner animated none none\" style=\"background-image:url(https:\/\/royaliceland.eu\/wp-content\/uploads\/2024\/11\/tsubu-gai-1@3000x-2.png);background-position:center center;background-repeat:no-repeat;background-size:cover;transition-duration:1s;\"><\/div>\n                                        <div class=\"tme-slider-overlay\"><\/div>\n                        <div class=\"tme-slider-text-wrapper elementor-repeater-item-ccc961d\">\n                            <div class=\"tme-slider-text-box noanim animated  \">\n                                                                                                                            <\/div>\n                        <\/div>\n                <\/div>    \n                                                <div class=\"tme-slick-thumb\" data-thumbnail=\"https:\/\/royaliceland.eu\/wp-content\/uploads\/2024\/11\/tsubu-gai-2@3000x-2.png\" data-alt=\"\">\n                    <div class=\"tme-slider-inner animated none none\" style=\"background-image:url(https:\/\/royaliceland.eu\/wp-content\/uploads\/2024\/11\/tsubu-gai-2@3000x-2.png);background-position:center center;background-repeat:no-repeat;background-size:cover;transition-duration:1s;\"><\/div>\n                                        <div class=\"tme-slider-overlay\"><\/div>\n                        <div class=\"tme-slider-text-wrapper elementor-repeater-item-6601f54\">\n                            <div class=\"tme-slider-text-box noanim animated  \">\n                                                                                                                            <\/div>\n                        <\/div>\n                <\/div>    \n                            <\/div>\n                    <\/div>\n<style type=\"text\/css\">\n        @media screen and (min-width: 1026px) {\n        \t\t#tme-slider-a23e303 .slick-prev,\n\t\t#tme-slider-a23e303 .slick-next {\n            display: block !important;\n        }\n                \t\t#tme-slider-a23e303 .slick-dots,\n\t\t#tme-slider-thumbnails-a23e303 {\n            display: block !important;\n        }\n            }\n    @media only screen and (max-width: 1025px) {\n        \t\t#tme-slider-a23e303 .slick-prev,\n\t\t#tme-slider-a23e303 .slick-next {\n            display: block !important;\n        }\n                \t\t#tme-slider-a23e303 .slick-dots,\n\t\t#tme-slider-thumbnails-a23e303 {\n            display: block !important;\n        }\n            }\n    @media screen and (max-width: 768px) {\n        \t\t#tme-slider-a23e303 .slick-prev,\n\t\t#tme-slider-a23e303 .slick-next {\n            display: block !important;\n        }\n                \t\t#tme-slider-a23e303 .slick-dots,\n\t\t#tme-slider-thumbnails-a23e303 {\n            display: block !important;\n        }\n            }\n<\/style>\n\t\t<\/div>\n\t\t\t\t<\/div>\n\t\t\t\t\t<\/div>\n\t\t<\/div>\n\t\t\t\t\t<\/div>\n\t\t<\/section>\n\t\t\t\t<section data-dce-background-color=\"#F2F2F2\" class=\"elementor-section elementor-top-section elementor-element elementor-element-74c6ba4 elementor-section-stretched elementor-section-boxed elementor-section-height-default elementor-section-height-default\" data-id=\"74c6ba4\" data-element_type=\"section\" data-settings=\"{&quot;stretch_section&quot;:&quot;section-stretched&quot;,&quot;jet_parallax_layout_list&quot;:[{&quot;jet_parallax_layout_image&quot;:{&quot;url&quot;:&quot;&quot;,&quot;id&quot;:&quot;&quot;,&quot;size&quot;:&quot;&quot;},&quot;_id&quot;:&quot;133e28b&quot;,&quot;jet_parallax_layout_image_tablet&quot;:{&quot;url&quot;:&quot;&quot;,&quot;id&quot;:&quot;&quot;,&quot;size&quot;:&quot;&quot;},&quot;jet_parallax_layout_image_mobile&quot;:{&quot;url&quot;:&quot;&quot;,&quot;id&quot;:&quot;&quot;,&quot;size&quot;:&quot;&quot;},&quot;jet_parallax_layout_speed&quot;:{&quot;unit&quot;:&quot;%&quot;,&quot;size&quot;:50,&quot;sizes&quot;:[]},&quot;jet_parallax_layout_type&quot;:&quot;scroll&quot;,&quot;jet_parallax_layout_direction&quot;:null,&quot;jet_parallax_layout_fx_direction&quot;:null,&quot;jet_parallax_layout_z_index&quot;:&quot;&quot;,&quot;jet_parallax_layout_bg_x&quot;:50,&quot;jet_parallax_layout_bg_x_tablet&quot;:&quot;&quot;,&quot;jet_parallax_layout_bg_x_mobile&quot;:&quot;&quot;,&quot;jet_parallax_layout_bg_y&quot;:50,&quot;jet_parallax_layout_bg_y_tablet&quot;:&quot;&quot;,&quot;jet_parallax_layout_bg_y_mobile&quot;:&quot;&quot;,&quot;jet_parallax_layout_bg_size&quot;:&quot;auto&quot;,&quot;jet_parallax_layout_bg_size_tablet&quot;:&quot;&quot;,&quot;jet_parallax_layout_bg_size_mobile&quot;:&quot;&quot;,&quot;jet_parallax_layout_animation_prop&quot;:&quot;transform&quot;,&quot;jet_parallax_layout_on&quot;:[&quot;desktop&quot;,&quot;tablet&quot;]}],&quot;background_background&quot;:&quot;classic&quot;,&quot;tmea_shape_divider_top&quot;:&quot;none&quot;,&quot;tmea_shape_divider_bottom&quot;:&quot;none&quot;}\">\n\t\t\t\t\t\t<div class=\"elementor-container elementor-column-gap-default\">\n\t\t\t\t\t<div class=\"elementor-column elementor-col-100 elementor-top-column elementor-element elementor-element-6335eb3\" data-id=\"6335eb3\" data-element_type=\"column\">\n\t\t\t<div class=\"elementor-widget-wrap elementor-element-populated\">\n\t\t\t\t\t\t<div class=\"elementor-element elementor-element-0688174 bims one-sided-ornament elementor-align-left elementor-widget elementor-widget-raven-heading\" data-id=\"0688174\" data-element_type=\"widget\" data-widget_type=\"raven-heading.default\">\n\t\t\t\t<div class=\"elementor-widget-container\">\n\t\t\t\t\t<div class=\"raven-widget-wrapper\"><h2 class=\"raven-heading raven-heading-h2\"><span class=\"raven-heading-title \">Wir bieten:\r\n<\/span><\/h2><\/div>\n\t\t\t\t<\/div>\n\t\t\t\t<\/div>\n\t\t\t\t<div class=\"elementor-element elementor-element-58eef9f elementor-widget-divider--view-line elementor-widget elementor-widget-divider\" data-id=\"58eef9f\" data-element_type=\"widget\" data-widget_type=\"divider.default\">\n\t\t\t\t<div class=\"elementor-widget-container\">\n\t\t\t\t\t<div class=\"elementor-divider\">\n\t\t\t<span class=\"elementor-divider-separator\">\n\t\t\t\t\t\t<\/span>\n\t\t<\/div>\n\t\t\t\t<\/div>\n\t\t\t\t<\/div>\n\t\t\t\t<div class=\"elementor-element elementor-element-9451e2f elementor-icon-list--layout-inline elementor-list-item-link-full_width elementor-widget elementor-widget-icon-list\" data-id=\"9451e2f\" data-element_type=\"widget\" data-widget_type=\"icon-list.default\">\n\t\t\t\t<div class=\"elementor-widget-container\">\n\t\t\t\t\t<ul class=\"elementor-icon-list-items elementor-inline-items\">\n\t\t\t\t\t\t\t<li class=\"elementor-icon-list-item elementor-inline-item\">\n\t\t\t\t\t\t\t\t\t\t\t<span class=\"elementor-icon-list-icon\">\n\t\t\t\t\t\t\t<i aria-hidden=\"true\" class=\"tmmaterial-icon- tm-material-icon-check_circle\"><\/i>\t\t\t\t\t\t<\/span>\n\t\t\t\t\t\t\t\t\t\t<span class=\"elementor-icon-list-text\">Gewicht Einzelpackung 160 gr<\/span>\n\t\t\t\t\t\t\t\t\t<\/li>\n\t\t\t\t\t\t\t\t<li class=\"elementor-icon-list-item elementor-inline-item\">\n\t\t\t\t\t\t\t\t\t\t\t<span class=\"elementor-icon-list-icon\">\n\t\t\t\t\t\t\t<i aria-hidden=\"true\" class=\"tmmaterial-icon- tm-material-icon-check_circle\"><\/i>\t\t\t\t\t\t<\/span>\n\t\t\t\t\t\t\t\t\t\t<span class=\"elementor-icon-list-text\">Gewicht Einzelpackung 160 grGewicht Umkarton 1,6 kg (10 X 160gr)<\/span>\n\t\t\t\t\t\t\t\t\t<\/li>\n\t\t\t\t\t\t\t\t<li class=\"elementor-icon-list-item elementor-inline-item\">\n\t\t\t\t\t\t\t\t\t\t\t<span class=\"elementor-icon-list-icon\">\n\t\t\t\t\t\t\t<i aria-hidden=\"true\" class=\"tmmaterial-icon- tm-material-icon-check_circle\"><\/i>\t\t\t\t\t\t<\/span>\n\t\t\t\t\t\t\t\t\t\t<span class=\"elementor-icon-list-text\">Produziert in Island<\/span>\n\t\t\t\t\t\t\t\t\t<\/li>\n\t\t\t\t\t\t\t\t<li class=\"elementor-icon-list-item elementor-inline-item\">\n\t\t\t\t\t\t\t\t\t\t\t<span class=\"elementor-icon-list-icon\">\n\t\t\t\t\t\t\t<i aria-hidden=\"true\" class=\"tmmaterial-icon- tm-material-icon-check_circle\"><\/i>\t\t\t\t\t\t<\/span>\n\t\t\t\t\t\t\t\t\t\t<span class=\"elementor-icon-list-text\">Hergestellt in IslandDieses Produkt ist zum Verzehr geeignet<\/span>\n\t\t\t\t\t\t\t\t\t<\/li>\n\t\t\t\t\t\t<\/ul>\n\t\t\t\t<\/div>\n\t\t\t\t<\/div>\n\t\t\t\t\t<\/div>\n\t\t<\/div>\n\t\t\t\t\t<\/div>\n\t\t<\/section>\n\t\t\t\t<section class=\"elementor-section elementor-top-section elementor-element elementor-element-404bf5d elementor-section-boxed elementor-section-height-default elementor-section-height-default\" data-id=\"404bf5d\" data-element_type=\"section\" data-settings=\"{&quot;jet_parallax_layout_list&quot;:[{&quot;jet_parallax_layout_image&quot;:{&quot;url&quot;:&quot;&quot;,&quot;id&quot;:&quot;&quot;,&quot;size&quot;:&quot;&quot;},&quot;_id&quot;:&quot;6fea394&quot;,&quot;jet_parallax_layout_image_tablet&quot;:{&quot;url&quot;:&quot;&quot;,&quot;id&quot;:&quot;&quot;,&quot;size&quot;:&quot;&quot;},&quot;jet_parallax_layout_image_mobile&quot;:{&quot;url&quot;:&quot;&quot;,&quot;id&quot;:&quot;&quot;,&quot;size&quot;:&quot;&quot;},&quot;jet_parallax_layout_speed&quot;:{&quot;unit&quot;:&quot;%&quot;,&quot;size&quot;:50,&quot;sizes&quot;:[]},&quot;jet_parallax_layout_type&quot;:&quot;scroll&quot;,&quot;jet_parallax_layout_direction&quot;:null,&quot;jet_parallax_layout_fx_direction&quot;:null,&quot;jet_parallax_layout_z_index&quot;:&quot;&quot;,&quot;jet_parallax_layout_bg_x&quot;:50,&quot;jet_parallax_layout_bg_x_tablet&quot;:&quot;&quot;,&quot;jet_parallax_layout_bg_x_mobile&quot;:&quot;&quot;,&quot;jet_parallax_layout_bg_y&quot;:50,&quot;jet_parallax_layout_bg_y_tablet&quot;:&quot;&quot;,&quot;jet_parallax_layout_bg_y_mobile&quot;:&quot;&quot;,&quot;jet_parallax_layout_bg_size&quot;:&quot;auto&quot;,&quot;jet_parallax_layout_bg_size_tablet&quot;:&quot;&quot;,&quot;jet_parallax_layout_bg_size_mobile&quot;:&quot;&quot;,&quot;jet_parallax_layout_animation_prop&quot;:&quot;transform&quot;,&quot;jet_parallax_layout_on&quot;:[&quot;desktop&quot;,&quot;tablet&quot;]}],&quot;tmea_shape_divider_top&quot;:&quot;none&quot;,&quot;tmea_shape_divider_bottom&quot;:&quot;none&quot;}\">\n\t\t\t\t\t\t<div class=\"elementor-container elementor-column-gap-default\">\n\t\t\t\t\t<div class=\"elementor-column elementor-col-100 elementor-top-column elementor-element elementor-element-2550355\" data-id=\"2550355\" data-element_type=\"column\">\n\t\t\t<div class=\"elementor-widget-wrap elementor-element-populated\">\n\t\t\t\t\t\t<div class=\"elementor-element elementor-element-33ff0f8 elementor-widget elementor-widget-tme-photo_gallery\" data-id=\"33ff0f8\" data-element_type=\"widget\" data-widget_type=\"tme-photo_gallery.default\">\n\t\t\t\t<div class=\"elementor-widget-container\">\n\t\t\t        <div id=\"tme-photo-gallery-33ff0f8\" class=\"tme-masonry-grid tme-masonry-alt\">\n            <div class=\"tme-three-columns\" data-columns>\n                                 \n                <div class=\"tme-masonry-item\">\n                <a class=\"tme-gallery-item elementor-animation-\" href=\"https:\/\/royaliceland.eu\/wp-content\/uploads\/2024\/11\/tsubu-gai-1@3000x-1-e1730653038920.png\" data-caption=\"\" data-elementor-open-lightbox=\"default\" data-elementor-lightbox-slideshow=\"tme-gallery-33ff0f8\">\n                    <img decoding=\"async\" src=\"https:\/\/royaliceland.eu\/wp-content\/uploads\/2024\/11\/tsubu-gai-1@3000x-1-e1730653038920-959x1280.png\" alt=\"\" \/>           \n                                    <\/a>\n                <\/div>\n                                 \n                <div class=\"tme-masonry-item\">\n                <a class=\"tme-gallery-item elementor-animation-\" href=\"https:\/\/royaliceland.eu\/wp-content\/uploads\/2024\/11\/tsubu-gai-2@3000x-1.png\" data-caption=\"\" data-elementor-open-lightbox=\"default\" data-elementor-lightbox-slideshow=\"tme-gallery-33ff0f8\">\n                    <img decoding=\"async\" src=\"https:\/\/royaliceland.eu\/wp-content\/uploads\/2024\/11\/tsubu-gai-2@3000x-1-960x1280.png\" alt=\"\" \/>           \n                                    <\/a>\n                <\/div>\n                            <\/div>\n        <\/div>\n        <div class=\"tme-clear\"><\/div>\n\t\t\t<\/div>\n\t\t\t\t<\/div>\n\t\t\t\t\t<\/div>\n\t\t<\/div>\n\t\t\t\t\t<\/div>\n\t\t<\/section>\n\t\t\t\t<\/div>\n\t\t","protected":false},"excerpt":{"rendered":"<p>Tsubu gai in Scheiben geschnitten Tsubu gai in Scheiben geschnitten Lateinischer Name: Buccinum umdatum Tsubu Gai -Sashimi ist die rohe Wellhornschnecke aus der Schale. Frisch aus den kalten Gew\u00e4ssern rund um Island. Diese Tsubu Gai oder Wellhornschnecken sind k\u00f6stlich fleischig und reich an Geschmack. Sie werden in der Mitte der Saison geerntet, und ihr Fleisch [&hellip;]<\/p>\n","protected":false},"author":1,"featured_media":0,"parent":4603,"menu_order":0,"comment_status":"closed","ping_status":"closed","template":"full-width.php","meta":{"_acf_changed":false,"footnotes":""},"class_list":["post-5661","page","type-page","status-publish","hentry"],"acf":[],"_links":{"self":[{"href":"https:\/\/royaliceland.eu\/de\/wp-json\/wp\/v2\/pages\/5661","targetHints":{"allow":["GET"]}}],"collection":[{"href":"https:\/\/royaliceland.eu\/de\/wp-json\/wp\/v2\/pages"}],"about":[{"href":"https:\/\/royaliceland.eu\/de\/wp-json\/wp\/v2\/types\/page"}],"author":[{"embeddable":true,"href":"https:\/\/royaliceland.eu\/de\/wp-json\/wp\/v2\/users\/1"}],"replies":[{"embeddable":true,"href":"https:\/\/royaliceland.eu\/de\/wp-json\/wp\/v2\/comments?post=5661"}],"version-history":[{"count":4,"href":"https:\/\/royaliceland.eu\/de\/wp-json\/wp\/v2\/pages\/5661\/revisions"}],"predecessor-version":[{"id":5814,"href":"https:\/\/royaliceland.eu\/de\/wp-json\/wp\/v2\/pages\/5661\/revisions\/5814"}],"up":[{"embeddable":true,"href":"https:\/\/royaliceland.eu\/de\/wp-json\/wp\/v2\/pages\/4603"}],"wp:attachment":[{"href":"https:\/\/royaliceland.eu\/de\/wp-json\/wp\/v2\/media?parent=5661"}],"curies":[{"name":"wp","href":"https:\/\/api.w.org\/{rel}","templated":true}]}}